{"id":2457,"date":"2025-03-19T09:07:03","date_gmt":"2025-03-19T09:07:03","guid":{"rendered":"https:\/\/www.intothelight.paris\/artists\/visual-system\/"},"modified":"2025-03-31T15:29:56","modified_gmt":"2025-03-31T15:29:56","slug":"visual-system","status":"publish","type":"page","link":"https:\/\/www.intothelight.paris\/en\/artists\/visual-system\/","title":{"rendered":"Visual System"},"content":{"rendered":"\t\t<div data-elementor-type=\"wp-page\" data-elementor-id=\"2457\" class=\"elementor elementor-2457 elementor-1355\" data-elementor-post-type=\"page\">\n\t\t\t\t<div class=\"elementor-element elementor-element-fe02a88 e-flex e-con-boxed e-con e-parent\" data-id=\"fe02a88\" data-element_type=\"container\" data-settings=\"{&quot;background_background&quot;:&quot;classic&quot;}\">\n\t\t\t\t\t<div class=\"e-con-inner\">\n\t\t\t\t<div class=\"elementor-element elementor-element-c22db84 elementor-widget elementor-widget-spacer\" data-id=\"c22db84\" data-element_type=\"widget\" data-widget_type=\"spacer.default\">\n\t\t\t\t<div class=\"elementor-widget-container\">\n\t\t\t\t\t\t\t<div class=\"elementor-spacer\">\n\t\t\t<div class=\"elementor-spacer-inner\"><\/div>\n\t\t<\/div>\n\t\t\t\t\t\t<\/div>\n\t\t\t\t<\/div>\n\t\t\t\t\t<\/div>\n\t\t\t\t<\/div>\n\t\t<div class=\"elementor-element elementor-element-7d2843a e-flex e-con-boxed e-con e-parent\" data-id=\"7d2843a\" data-element_type=\"container\" data-settings=\"{&quot;background_background&quot;:&quot;classic&quot;}\">\n\t\t\t\t\t<div class=\"e-con-inner\">\n\t\t<div class=\"elementor-element elementor-element-5ccfea9 e-con-full e-flex e-con e-child\" data-id=\"5ccfea9\" data-element_type=\"container\" data-settings=\"{&quot;background_background&quot;:&quot;classic&quot;}\">\n\t\t\t\t<div class=\"elementor-element elementor-element-eaacbf9 elementor-widget elementor-widget-image\" data-id=\"eaacbf9\" data-element_type=\"widget\" data-widget_type=\"image.default\">\n\t\t\t\t<div class=\"elementor-widget-container\">\n\t\t\t\t\t\t\t\t\t\t\t\t\t\t\t<img fetchpriority=\"high\" decoding=\"async\" width=\"1920\" height=\"1080\" src=\"https:\/\/www.intothelight.paris\/wp-content\/uploads\/2025\/03\/4505-\u00a9Marc-Domage.jpg\" class=\"attachment-full size-full wp-image-1082\" alt=\"\" srcset=\"https:\/\/www.intothelight.paris\/wp-content\/uploads\/2025\/03\/4505-\u00a9Marc-Domage.jpg 1920w, https:\/\/www.intothelight.paris\/wp-content\/uploads\/2025\/03\/4505-\u00a9Marc-Domage-300x169.jpg 300w, https:\/\/www.intothelight.paris\/wp-content\/uploads\/2025\/03\/4505-\u00a9Marc-Domage-1024x576.jpg 1024w, https:\/\/www.intothelight.paris\/wp-content\/uploads\/2025\/03\/4505-\u00a9Marc-Domage-768x432.jpg 768w, https:\/\/www.intothelight.paris\/wp-content\/uploads\/2025\/03\/4505-\u00a9Marc-Domage-1536x864.jpg 1536w\" sizes=\"(max-width: 1920px) 100vw, 1920px\" \/>\t\t\t\t\t\t\t\t\t\t\t\t\t\t\t<\/div>\n\t\t\t\t<\/div>\n\t\t<div class=\"elementor-element elementor-element-2e38db3 e-con-full e-grid e-con e-child\" data-id=\"2e38db3\" data-element_type=\"container\">\n\t\t\t\t<div class=\"elementor-element elementor-element-4d0bf71 elementor-widget elementor-widget-text-editor\" data-id=\"4d0bf71\" data-element_type=\"widget\" data-widget_type=\"text-editor.default\">\n\t\t\t\t<div class=\"elementor-widget-container\">\n\t\t\t\t\t\t\t\t\t<p>Creation date: 2021<\/p>\t\t\t\t\t\t\t\t<\/div>\n\t\t\t\t<\/div>\n\t\t\t\t<div class=\"elementor-element elementor-element-8f676dd elementor-widget elementor-widget-text-editor\" data-id=\"8f676dd\" data-element_type=\"widget\" data-widget_type=\"text-editor.default\">\n\t\t\t\t<div class=\"elementor-widget-container\">\n\t\t\t\t\t\t\t\t\t<p>Sound design: Thomas Vaqui\u00e9 &amp; Visual System &#8211; \u00a9Marc Domage<\/p>\t\t\t\t\t\t\t\t<\/div>\n\t\t\t\t<\/div>\n\t\t\t\t<\/div>\n\t\t\t\t<div class=\"elementor-element elementor-element-f426e06 elementor-widget elementor-widget-heading\" data-id=\"f426e06\" data-element_type=\"widget\" data-widget_type=\"heading.default\">\n\t\t\t\t<div class=\"elementor-widget-container\">\n\t\t\t\t\t<h1 class=\"elementor-heading-title elementor-size-default\">AB\u00ceME<\/h1>\t\t\t\t<\/div>\n\t\t\t\t<\/div>\n\t\t\t\t<div class=\"elementor-element elementor-element-b574cd9 elementor-widget elementor-widget-heading\" data-id=\"b574cd9\" data-element_type=\"widget\" data-widget_type=\"heading.default\">\n\t\t\t\t<div class=\"elementor-widget-container\">\n\t\t\t\t\t<h1 class=\"elementor-heading-title elementor-size-default\">by Visual System (FR)<\/h1>\t\t\t\t<\/div>\n\t\t\t\t<\/div>\n\t\t\t\t<div class=\"elementor-element elementor-element-b5feefe elementor-widget elementor-widget-spacer\" data-id=\"b5feefe\" data-element_type=\"widget\" data-widget_type=\"spacer.default\">\n\t\t\t\t<div class=\"elementor-widget-container\">\n\t\t\t\t\t\t\t<div class=\"elementor-spacer\">\n\t\t\t<div class=\"elementor-spacer-inner\"><\/div>\n\t\t<\/div>\n\t\t\t\t\t\t<\/div>\n\t\t\t\t<\/div>\n\t\t\t\t<div class=\"elementor-element elementor-element-cf3da79 elementor-widget elementor-widget-text-editor\" data-id=\"cf3da79\" data-element_type=\"widget\" data-widget_type=\"text-editor.default\">\n\t\t\t\t<div class=\"elementor-widget-container\">\n\t\t\t\t\t\t\t\t\t<p><em>Ab\u00eeme <\/em>consists of multiple LED projections that place us in a hypnotic face-to-face encounter at the center of a luminous play. Captivated by a vast panoramic screen and multicolored beams, the audience is invited to experience the sensory depth of an abyssal space. Presented here in a horizontal configuration \u2014 suspended above the audience \u2014 the intense and indirect light diffracts and recomposes into geometric lines, accompanied by an original composition by Thomas Vaqui\u00e9.  <\/p>\t\t\t\t\t\t\t\t<\/div>\n\t\t\t\t<\/div>\n\t\t\t\t<div class=\"elementor-element elementor-element-9695afd elementor-widget elementor-widget-text-editor\" data-id=\"9695afd\" data-element_type=\"widget\" data-widget_type=\"text-editor.default\">\n\t\t\t\t<div class=\"elementor-widget-container\">\n\t\t\t\t\t\t\t\t\t<p>A multidisciplinary artist collective, Visual System creates contemporary, immersive, and experiential light art. Since 2007, its members have explored the relationships between space and time, nature and science, dream and reality, to bring to life an imaginary world where the intimate and the collective respond to each other. Combining architecture and light, Visual System connects continents to compose a living body of monumental works \u2014 visual, sensory, and organic.<br \/>Founded in Paris, Visual System consists of Pierre Gufflet, Julien Guinard, Ambroise Mouline, and Val\u00e8re Terrier. Their works have been presented at the Atomium in Brussels, at La Ga\u00eet\u00e9 Lyrique and during Nuit Blanche in Paris, at Art Basel Hong Kong, and at Wonderfruit in Thailand.<\/p>\t\t\t\t\t\t\t\t<\/div>\n\t\t\t\t<\/div>\n\t\t\t\t<div class=\"elementor-element elementor-element-f8d7fcc elementor-widget elementor-widget-text-editor\" data-id=\"f8d7fcc\" data-element_type=\"widget\" data-widget_type=\"text-editor.default\">\n\t\t\t\t<div class=\"elementor-widget-container\">\n\t\t\t\t\t\t\t\t\t<a href=\"https:\/\/www.intothelight.paris\/en\/artists\/1024-architecture\/\">\u279c<\/a>\t\t\t\t\t\t\t\t<\/div>\n\t\t\t\t<\/div>\n\t\t\t\t<\/div>\n\t\t\t\t\t<\/div>\n\t\t\t\t<\/div>\n\t\t\t\t<\/div>\n\t\t","protected":false},"excerpt":{"rendered":"<p>Creation date: 2021 Sound design: Thomas Vaqui\u00e9 &amp; Visual System &#8211; \u00a9Marc Domage AB\u00ceME by Visual System (FR) Ab\u00eeme consists of multiple LED projections that place us in a hypnotic face-to-face encounter at the center of a luminous play. Captivated by a vast panoramic screen and multicolored beams, the audience is invited to experience the [&hellip;]<\/p>\n","protected":false},"author":2,"featured_media":0,"parent":2394,"menu_order":0,"comment_status":"closed","ping_status":"closed","template":"","meta":{"footnotes":""},"class_list":["post-2457","page","type-page","status-publish","hentry"],"yoast_head":"<!-- This site is optimized with the Yoast SEO plugin v27.5 - https:\/\/yoast.com\/product\/yoast-seo-wordpress\/ -->\n<title>Visual System - Into The Light<\/title>\n<meta name=\"robots\" content=\"index, follow, max-snippet:-1, max-image-preview:large, max-video-preview:-1\" \/>\n<link rel=\"canonical\" href=\"https:\/\/www.intothelight.paris\/en\/artists\/visual-system\/\" \/>\n<meta property=\"og:locale\" content=\"en_US\" \/>\n<meta property=\"og:type\" content=\"article\" \/>\n<meta property=\"og:title\" content=\"Visual System - Into The Light\" \/>\n<meta property=\"og:description\" content=\"Creation date: 2021 Sound design: Thomas Vaqui\u00e9 &amp; Visual System &#8211; \u00a9Marc Domage AB\u00ceME by Visual System (FR) Ab\u00eeme consists of multiple LED projections that place us in a hypnotic face-to-face encounter at the center of a luminous play. Captivated by a vast panoramic screen and multicolored beams, the audience is invited to experience the [&hellip;]\" \/>\n<meta property=\"og:url\" content=\"https:\/\/www.intothelight.paris\/en\/artists\/visual-system\/\" \/>\n<meta property=\"og:site_name\" content=\"Into The Light\" \/>\n<meta property=\"article:modified_time\" content=\"2025-03-31T15:29:56+00:00\" \/>\n<meta name=\"twitter:card\" content=\"summary_large_image\" \/>\n<meta name=\"twitter:label1\" content=\"Est. reading time\" \/>\n\t<meta name=\"twitter:data1\" content=\"2 minutes\" \/>\n<script type=\"application\/ld+json\" class=\"yoast-schema-graph\">{\"@context\":\"https:\\\/\\\/schema.org\",\"@graph\":[{\"@type\":\"WebPage\",\"@id\":\"https:\\\/\\\/www.intothelight.paris\\\/en\\\/artists\\\/visual-system\\\/\",\"url\":\"https:\\\/\\\/www.intothelight.paris\\\/en\\\/artists\\\/visual-system\\\/\",\"name\":\"Visual System - Into The Light\",\"isPartOf\":{\"@id\":\"https:\\\/\\\/www.intothelight.paris\\\/en\\\/#website\"},\"datePublished\":\"2025-03-19T09:07:03+00:00\",\"dateModified\":\"2025-03-31T15:29:56+00:00\",\"breadcrumb\":{\"@id\":\"https:\\\/\\\/www.intothelight.paris\\\/en\\\/artists\\\/visual-system\\\/#breadcrumb\"},\"inLanguage\":\"en-US\",\"potentialAction\":[{\"@type\":\"ReadAction\",\"target\":[\"https:\\\/\\\/www.intothelight.paris\\\/en\\\/artists\\\/visual-system\\\/\"]}]},{\"@type\":\"BreadcrumbList\",\"@id\":\"https:\\\/\\\/www.intothelight.paris\\\/en\\\/artists\\\/visual-system\\\/#breadcrumb\",\"itemListElement\":[{\"@type\":\"ListItem\",\"position\":1,\"name\":\"Accueil\",\"item\":\"https:\\\/\\\/www.intothelight.paris\\\/en\\\/home-2\\\/\"},{\"@type\":\"ListItem\",\"position\":2,\"name\":\"Artists\",\"item\":\"https:\\\/\\\/www.intothelight.paris\\\/en\\\/artistes\\\/\"},{\"@type\":\"ListItem\",\"position\":3,\"name\":\"Visual System\"}]},{\"@type\":\"WebSite\",\"@id\":\"https:\\\/\\\/www.intothelight.paris\\\/en\\\/#website\",\"url\":\"https:\\\/\\\/www.intothelight.paris\\\/en\\\/\",\"name\":\"Into The Light\",\"description\":\"\",\"publisher\":{\"@id\":\"https:\\\/\\\/www.intothelight.paris\\\/en\\\/#organization\"},\"potentialAction\":[{\"@type\":\"SearchAction\",\"target\":{\"@type\":\"EntryPoint\",\"urlTemplate\":\"https:\\\/\\\/www.intothelight.paris\\\/en\\\/?s={search_term_string}\"},\"query-input\":{\"@type\":\"PropertyValueSpecification\",\"valueRequired\":true,\"valueName\":\"search_term_string\"}}],\"inLanguage\":\"en-US\"},{\"@type\":\"Organization\",\"@id\":\"https:\\\/\\\/www.intothelight.paris\\\/en\\\/#organization\",\"name\":\"Into The Light\",\"url\":\"https:\\\/\\\/www.intothelight.paris\\\/en\\\/\",\"logo\":{\"@type\":\"ImageObject\",\"inLanguage\":\"en-US\",\"@id\":\"https:\\\/\\\/www.intothelight.paris\\\/en\\\/#\\\/schema\\\/logo\\\/image\\\/\",\"url\":\"https:\\\/\\\/www.intothelight.paris\\\/wp-content\\\/uploads\\\/2025\\\/03\\\/logo-itl.png\",\"contentUrl\":\"https:\\\/\\\/www.intothelight.paris\\\/wp-content\\\/uploads\\\/2025\\\/03\\\/logo-itl.png\",\"width\":2126,\"height\":1557,\"caption\":\"Into The Light\"},\"image\":{\"@id\":\"https:\\\/\\\/www.intothelight.paris\\\/en\\\/#\\\/schema\\\/logo\\\/image\\\/\"}}]}<\/script>\n<!-- \/ Yoast SEO plugin. -->","yoast_head_json":{"title":"Visual System - Into The Light","robots":{"index":"index","follow":"follow","max-snippet":"max-snippet:-1","max-image-preview":"max-image-preview:large","max-video-preview":"max-video-preview:-1"},"canonical":"https:\/\/www.intothelight.paris\/en\/artists\/visual-system\/","og_locale":"en_US","og_type":"article","og_title":"Visual System - Into The Light","og_description":"Creation date: 2021 Sound design: Thomas Vaqui\u00e9 &amp; Visual System &#8211; \u00a9Marc Domage AB\u00ceME by Visual System (FR) Ab\u00eeme consists of multiple LED projections that place us in a hypnotic face-to-face encounter at the center of a luminous play. Captivated by a vast panoramic screen and multicolored beams, the audience is invited to experience the [&hellip;]","og_url":"https:\/\/www.intothelight.paris\/en\/artists\/visual-system\/","og_site_name":"Into The Light","article_modified_time":"2025-03-31T15:29:56+00:00","twitter_card":"summary_large_image","twitter_misc":{"Est. reading time":"2 minutes"},"schema":{"@context":"https:\/\/schema.org","@graph":[{"@type":"WebPage","@id":"https:\/\/www.intothelight.paris\/en\/artists\/visual-system\/","url":"https:\/\/www.intothelight.paris\/en\/artists\/visual-system\/","name":"Visual System - Into The Light","isPartOf":{"@id":"https:\/\/www.intothelight.paris\/en\/#website"},"datePublished":"2025-03-19T09:07:03+00:00","dateModified":"2025-03-31T15:29:56+00:00","breadcrumb":{"@id":"https:\/\/www.intothelight.paris\/en\/artists\/visual-system\/#breadcrumb"},"inLanguage":"en-US","potentialAction":[{"@type":"ReadAction","target":["https:\/\/www.intothelight.paris\/en\/artists\/visual-system\/"]}]},{"@type":"BreadcrumbList","@id":"https:\/\/www.intothelight.paris\/en\/artists\/visual-system\/#breadcrumb","itemListElement":[{"@type":"ListItem","position":1,"name":"Accueil","item":"https:\/\/www.intothelight.paris\/en\/home-2\/"},{"@type":"ListItem","position":2,"name":"Artists","item":"https:\/\/www.intothelight.paris\/en\/artistes\/"},{"@type":"ListItem","position":3,"name":"Visual System"}]},{"@type":"WebSite","@id":"https:\/\/www.intothelight.paris\/en\/#website","url":"https:\/\/www.intothelight.paris\/en\/","name":"Into The Light","description":"","publisher":{"@id":"https:\/\/www.intothelight.paris\/en\/#organization"},"potentialAction":[{"@type":"SearchAction","target":{"@type":"EntryPoint","urlTemplate":"https:\/\/www.intothelight.paris\/en\/?s={search_term_string}"},"query-input":{"@type":"PropertyValueSpecification","valueRequired":true,"valueName":"search_term_string"}}],"inLanguage":"en-US"},{"@type":"Organization","@id":"https:\/\/www.intothelight.paris\/en\/#organization","name":"Into The Light","url":"https:\/\/www.intothelight.paris\/en\/","logo":{"@type":"ImageObject","inLanguage":"en-US","@id":"https:\/\/www.intothelight.paris\/en\/#\/schema\/logo\/image\/","url":"https:\/\/www.intothelight.paris\/wp-content\/uploads\/2025\/03\/logo-itl.png","contentUrl":"https:\/\/www.intothelight.paris\/wp-content\/uploads\/2025\/03\/logo-itl.png","width":2126,"height":1557,"caption":"Into The Light"},"image":{"@id":"https:\/\/www.intothelight.paris\/en\/#\/schema\/logo\/image\/"}}]}},"_links":{"self":[{"href":"https:\/\/www.intothelight.paris\/en\/wp-json\/wp\/v2\/pages\/2457","targetHints":{"allow":["GET"]}}],"collection":[{"href":"https:\/\/www.intothelight.paris\/en\/wp-json\/wp\/v2\/pages"}],"about":[{"href":"https:\/\/www.intothelight.paris\/en\/wp-json\/wp\/v2\/types\/page"}],"author":[{"embeddable":true,"href":"https:\/\/www.intothelight.paris\/en\/wp-json\/wp\/v2\/users\/2"}],"replies":[{"embeddable":true,"href":"https:\/\/www.intothelight.paris\/en\/wp-json\/wp\/v2\/comments?post=2457"}],"version-history":[{"count":4,"href":"https:\/\/www.intothelight.paris\/en\/wp-json\/wp\/v2\/pages\/2457\/revisions"}],"predecessor-version":[{"id":2480,"href":"https:\/\/www.intothelight.paris\/en\/wp-json\/wp\/v2\/pages\/2457\/revisions\/2480"}],"up":[{"embeddable":true,"href":"https:\/\/www.intothelight.paris\/en\/wp-json\/wp\/v2\/pages\/2394"}],"wp:attachment":[{"href":"https:\/\/www.intothelight.paris\/en\/wp-json\/wp\/v2\/media?parent=2457"}],"curies":[{"name":"wp","href":"https:\/\/api.w.org\/{rel}","templated":true}]}}